{"id":16980,"date":"2024-05-06T12:16:52","date_gmt":"2024-05-06T12:16:52","guid":{"rendered":"https:\/\/new.windbal.pl\/?page_id=16980"},"modified":"2026-04-14T09:45:53","modified_gmt":"2026-04-14T09:45:53","slug":"wycena-duze-balony","status":"publish","type":"page","link":"https:\/\/windbal.pl\/en\/wycena-duze-balony\/","title":{"rendered":"Reklama pneumatyczna &#8211; wycena"},"content":{"rendered":"<div data-elementor-type=\"wp-page\" data-elementor-id=\"16980\" class=\"elementor elementor-16980\" data-elementor-post-type=\"page\">\n\t\t\t\t\t\t\t<div class=\"elementor-element elementor-element-9ea3de4 e-flex e-con-boxed e-con e-parent\" data-id=\"9ea3de4\" data-element_type=\"container\" data-settings=\"{&quot;content_width&quot;:&quot;boxed&quot;}\" data-core-v316-plus=\"true\">\n\t\t\t\t\t<div class=\"e-con-inner\">\n\t\t\t\t<div class=\"elementor-element elementor-element-ef20f4a elementor-widget__width-inherit elementor-widget elementor-widget-html\" data-id=\"ef20f4a\" data-element_type=\"widget\" id=\"formularz\" data-widget_type=\"html.default\">\n\t\t\t\t<div class=\"elementor-widget-container\">\n\t\t\t<iframe loading=\"lazy\" style=\".header {display: none!important;\" height=\"3200\" width=\"100%\" src=\"https:\/\/old.windbal.pl\/wycena-duze-balony\"><\/iframe>\n\t\t<\/div>\n\t\t\t\t<\/div>\n\t\t\t\t\t<\/div>\n\t\t\t\t<\/div>\n\t\t<div class=\"elementor-element elementor-element-a4d0305 e-flex e-con-boxed e-con e-parent\" data-id=\"a4d0305\" data-element_type=\"container\" data-settings=\"{&quot;content_width&quot;:&quot;boxed&quot;}\" data-core-v316-plus=\"true\">\n\t\t\t\t\t<div class=\"e-con-inner\">\n\t\t\t\t<div class=\"elementor-element elementor-element-ac57ded elementor-widget elementor-widget-heading\" data-id=\"ac57ded\" data-element_type=\"widget\" data-widget_type=\"heading.default\">\n\t\t\t\t<div class=\"elementor-widget-container\">\n\t\t\t<style>\/*! elementor - v3.16.0 - 12-09-2023 *\/\n.elementor-heading-title{padding:0;margin:0;line-height:1}.elementor-widget-heading .elementor-heading-title[class*=elementor-size-]>a{color:inherit;font-size:inherit;line-height:inherit}.elementor-widget-heading .elementor-heading-title.elementor-size-small{font-size:15px}.elementor-widget-heading .elementor-heading-title.elementor-size-medium{font-size:19px}.elementor-widget-heading .elementor-heading-title.elementor-size-large{font-size:29px}.elementor-widget-heading .elementor-heading-title.elementor-size-xl{font-size:39px}.elementor-widget-heading .elementor-heading-title.elementor-size-xxl{font-size:59px}<\/style><h2 class=\"elementor-heading-title elementor-size-xl\">Najcz\u0119\u015bciej zadawane pytania - realizacja reklamy pneumatycznej<\/h2>\t\t<\/div>\n\t\t\t\t<\/div>\n\t\t\t\t<div class=\"elementor-element elementor-element-e3c0d7c kitchor-accordion-kitchor-1 elementor-widget elementor-widget-accordion\" data-id=\"e3c0d7c\" data-element_type=\"widget\" data-widget_type=\"accordion.default\">\n\t\t\t\t<div class=\"elementor-widget-container\">\n\t\t\t<style>.elementor-accordion{text-align:left}.elementor-accordion .elementor-accordion-item{border:1px solid #d5d8dc}.elementor-accordion .elementor-accordion-item+.elementor-accordion-item{border-top:none}.elementor-accordion .elementor-tab-title{margin:0;padding:15px 20px;font-weight:700;line-height:1;cursor:pointer;outline:none}.elementor-accordion .elementor-tab-title .elementor-accordion-icon{display:inline-block;width:1.5em}.elementor-accordion .elementor-tab-title .elementor-accordion-icon svg{width:1em;height:1em}.elementor-accordion .elementor-tab-title .elementor-accordion-icon.elementor-accordion-icon-right{float:right;text-align:right}.elementor-accordion .elementor-tab-title .elementor-accordion-icon.elementor-accordion-icon-left{float:left;text-align:left}.elementor-accordion .elementor-tab-title .elementor-accordion-icon .elementor-accordion-icon-closed{display:block}.elementor-accordion .elementor-tab-title .elementor-accordion-icon .elementor-accordion-icon-opened,.elementor-accordion .elementor-tab-title.elementor-active .elementor-accordion-icon-closed{display:none}.elementor-accordion .elementor-tab-title.elementor-active .elementor-accordion-icon-opened{display:block}.elementor-accordion .elementor-tab-content{display:none;padding:15px 20px;border-top:1px solid #d5d8dc}@media (max-width:767px){.elementor-accordion .elementor-tab-title{padding:12px 15px}.elementor-accordion .elementor-tab-title .elementor-accordion-icon{width:1.2em}.elementor-accordion .elementor-tab-content{padding:7px 15px}}.e-con-inner>.elementor-widget-accordion,.e-con>.elementor-widget-accordion{width:var(--container-widget-width);--flex-grow:var(--container-widget-flex-grow)}<\/style>\t\t<div class=\"elementor-accordion\">\n\t\t\t\t\t\t\t<div class=\"elementor-accordion-item\">\n\t\t\t\t\t<div id=\"elementor-tab-title-2381\" class=\"elementor-tab-title\" data-tab=\"1\" role=\"button\" aria-controls=\"elementor-tab-content-2381\" aria-expanded=\"false\">\n\t\t\t\t\t\t\t\t\t\t\t\t\t<span class=\"elementor-accordion-icon elementor-accordion-icon-left\" aria-hidden=\"true\">\n\t\t\t\t\t\t\t\t\t\t\t\t\t\t\t<span class=\"elementor-accordion-icon-closed\"><i class=\"fas fa-plus\"><\/i><\/span>\n\t\t\t\t\t\t\t\t<span class=\"elementor-accordion-icon-opened\"><i class=\"fas fa-minus\"><\/i><\/span>\n\t\t\t\t\t\t\t\t\t\t\t\t\t\t<\/span>\n\t\t\t\t\t\t\t\t\t\t\t\t<a class=\"elementor-accordion-title\" tabindex=\"0\">Jak d\u0142ugo trwa przygotowanie wyceny reklamy pneumatycznej?<\/a>\n\t\t\t\t\t<\/div>\n\t\t\t\t\t<div id=\"elementor-tab-content-2381\" class=\"elementor-tab-content elementor-clearfix\" data-tab=\"1\" role=\"region\" aria-labelledby=\"elementor-tab-title-2381\"><p>Do 1 godziny od otrzymania zapytania.<\/p><\/div>\n\t\t\t\t<\/div>\n\t\t\t\t\t\t\t<div class=\"elementor-accordion-item\">\n\t\t\t\t\t<div id=\"elementor-tab-title-2382\" class=\"elementor-tab-title\" data-tab=\"2\" role=\"button\" aria-controls=\"elementor-tab-content-2382\" aria-expanded=\"false\">\n\t\t\t\t\t\t\t\t\t\t\t\t\t<span class=\"elementor-accordion-icon elementor-accordion-icon-left\" aria-hidden=\"true\">\n\t\t\t\t\t\t\t\t\t\t\t\t\t\t\t<span class=\"elementor-accordion-icon-closed\"><i class=\"fas fa-plus\"><\/i><\/span>\n\t\t\t\t\t\t\t\t<span class=\"elementor-accordion-icon-opened\"><i class=\"fas fa-minus\"><\/i><\/span>\n\t\t\t\t\t\t\t\t\t\t\t\t\t\t<\/span>\n\t\t\t\t\t\t\t\t\t\t\t\t<a class=\"elementor-accordion-title\" tabindex=\"0\">Jaki jest standardowy czas produkcji reklamy pneumatycznej od momentu zatwierdzenia projektu?<\/a>\n\t\t\t\t\t<\/div>\n\t\t\t\t\t<div id=\"elementor-tab-content-2382\" class=\"elementor-tab-content elementor-clearfix\" data-tab=\"2\" role=\"region\" aria-labelledby=\"elementor-tab-title-2382\"><p>Oko\u0142o 7\u201310 dni roboczych.<\/p><\/div>\n\t\t\t\t<\/div>\n\t\t\t\t\t\t\t<div class=\"elementor-accordion-item\">\n\t\t\t\t\t<div id=\"elementor-tab-title-2383\" class=\"elementor-tab-title\" data-tab=\"3\" role=\"button\" aria-controls=\"elementor-tab-content-2383\" aria-expanded=\"false\">\n\t\t\t\t\t\t\t\t\t\t\t\t\t<span class=\"elementor-accordion-icon elementor-accordion-icon-left\" aria-hidden=\"true\">\n\t\t\t\t\t\t\t\t\t\t\t\t\t\t\t<span class=\"elementor-accordion-icon-closed\"><i class=\"fas fa-plus\"><\/i><\/span>\n\t\t\t\t\t\t\t\t<span class=\"elementor-accordion-icon-opened\"><i class=\"fas fa-minus\"><\/i><\/span>\n\t\t\t\t\t\t\t\t\t\t\t\t\t\t<\/span>\n\t\t\t\t\t\t\t\t\t\t\t\t<a class=\"elementor-accordion-title\" tabindex=\"0\">Czy klient otrzymuje wizualizacj\u0119 projektu przed rozpocz\u0119ciem produkcji?<\/a>\n\t\t\t\t\t<\/div>\n\t\t\t\t\t<div id=\"elementor-tab-content-2383\" class=\"elementor-tab-content elementor-clearfix\" data-tab=\"3\" role=\"region\" aria-labelledby=\"elementor-tab-title-2383\"><p>Tak, przed realizacj\u0105 reklamy pneumatycznej przesy\u0142amy projekt do akceptacji.<\/p><\/div>\n\t\t\t\t<\/div>\n\t\t\t\t\t\t\t<div class=\"elementor-accordion-item\">\n\t\t\t\t\t<div id=\"elementor-tab-title-2384\" class=\"elementor-tab-title\" data-tab=\"4\" role=\"button\" aria-controls=\"elementor-tab-content-2384\" aria-expanded=\"false\">\n\t\t\t\t\t\t\t\t\t\t\t\t\t<span class=\"elementor-accordion-icon elementor-accordion-icon-left\" aria-hidden=\"true\">\n\t\t\t\t\t\t\t\t\t\t\t\t\t\t\t<span class=\"elementor-accordion-icon-closed\"><i class=\"fas fa-plus\"><\/i><\/span>\n\t\t\t\t\t\t\t\t<span class=\"elementor-accordion-icon-opened\"><i class=\"fas fa-minus\"><\/i><\/span>\n\t\t\t\t\t\t\t\t\t\t\t\t\t\t<\/span>\n\t\t\t\t\t\t\t\t\t\t\t\t<a class=\"elementor-accordion-title\" tabindex=\"0\">Jakie pliki graficzne i w jakim formacie nale\u017cy dostarczy\u0107 do realizacji nadruku?<\/a>\n\t\t\t\t\t<\/div>\n\t\t\t\t\t<div id=\"elementor-tab-content-2384\" class=\"elementor-tab-content elementor-clearfix\" data-tab=\"4\" role=\"region\" aria-labelledby=\"elementor-tab-title-2384\"><p>Najlepiej pliki edytowalne (np. PDF, CDR).<\/p><\/div>\n\t\t\t\t<\/div>\n\t\t\t\t\t\t\t<div class=\"elementor-accordion-item\">\n\t\t\t\t\t<div id=\"elementor-tab-title-2385\" class=\"elementor-tab-title\" data-tab=\"5\" role=\"button\" aria-controls=\"elementor-tab-content-2385\" aria-expanded=\"false\">\n\t\t\t\t\t\t\t\t\t\t\t\t\t<span class=\"elementor-accordion-icon elementor-accordion-icon-left\" aria-hidden=\"true\">\n\t\t\t\t\t\t\t\t\t\t\t\t\t\t\t<span class=\"elementor-accordion-icon-closed\"><i class=\"fas fa-plus\"><\/i><\/span>\n\t\t\t\t\t\t\t\t<span class=\"elementor-accordion-icon-opened\"><i class=\"fas fa-minus\"><\/i><\/span>\n\t\t\t\t\t\t\t\t\t\t\t\t\t\t<\/span>\n\t\t\t\t\t\t\t\t\t\t\t\t<a class=\"elementor-accordion-title\" tabindex=\"0\">Czy mo\u017cliwe s\u0105 nietypowe kszta\u0142ty, figury 3D lub elementy niestandardowe?<\/a>\n\t\t\t\t\t<\/div>\n\t\t\t\t\t<div id=\"elementor-tab-content-2385\" class=\"elementor-tab-content elementor-clearfix\" data-tab=\"5\" role=\"region\" aria-labelledby=\"elementor-tab-title-2385\"><p>Tak, realizujemy r\u00f3wnie\u017c projekty niestandardowe.<\/p><\/div>\n\t\t\t\t<\/div>\n\t\t\t\t\t\t\t<div class=\"elementor-accordion-item\">\n\t\t\t\t\t<div id=\"elementor-tab-title-2386\" class=\"elementor-tab-title\" data-tab=\"6\" role=\"button\" aria-controls=\"elementor-tab-content-2386\" aria-expanded=\"false\">\n\t\t\t\t\t\t\t\t\t\t\t\t\t<span class=\"elementor-accordion-icon elementor-accordion-icon-left\" aria-hidden=\"true\">\n\t\t\t\t\t\t\t\t\t\t\t\t\t\t\t<span class=\"elementor-accordion-icon-closed\"><i class=\"fas fa-plus\"><\/i><\/span>\n\t\t\t\t\t\t\t\t<span class=\"elementor-accordion-icon-opened\"><i class=\"fas fa-minus\"><\/i><\/span>\n\t\t\t\t\t\t\t\t\t\t\t\t\t\t<\/span>\n\t\t\t\t\t\t\t\t\t\t\t\t<a class=\"elementor-accordion-title\" tabindex=\"0\">W jaki spos\u00f3b realizowana jest wysy\u0142ka reklamy pneumatycznej?<\/a>\n\t\t\t\t\t<\/div>\n\t\t\t\t\t<div id=\"elementor-tab-content-2386\" class=\"elementor-tab-content elementor-clearfix\" data-tab=\"6\" role=\"region\" aria-labelledby=\"elementor-tab-title-2386\"><p>Wysy\u0142ka realizowana jest kurierem.<\/p><\/div>\n\t\t\t\t<\/div>\n\t\t\t\t\t\t\t\t\t\t<script type=\"application\/ld+json\">{\"@context\":\"https:\\\/\\\/schema.org\",\"@type\":\"FAQPage\",\"mainEntity\":[{\"@type\":\"Question\",\"name\":\"Jak d\\u0142ugo trwa przygotowanie wyceny reklamy pneumatycznej?\",\"acceptedAnswer\":{\"@type\":\"Answer\",\"text\":\"<p>Do 1 godziny od otrzymania zapytania.<\\\/p>\"}},{\"@type\":\"Question\",\"name\":\"Jaki jest standardowy czas produkcji reklamy pneumatycznej od momentu zatwierdzenia projektu?\",\"acceptedAnswer\":{\"@type\":\"Answer\",\"text\":\"<p>Oko\\u0142o 7\\u201310 dni roboczych.<\\\/p>\"}},{\"@type\":\"Question\",\"name\":\"Czy klient otrzymuje wizualizacj\\u0119 projektu przed rozpocz\\u0119ciem produkcji?\",\"acceptedAnswer\":{\"@type\":\"Answer\",\"text\":\"<p>Tak, przed realizacj\\u0105 reklamy pneumatycznej przesy\\u0142amy projekt do akceptacji.<\\\/p>\"}},{\"@type\":\"Question\",\"name\":\"Jakie pliki graficzne i w jakim formacie nale\\u017cy dostarczy\\u0107 do realizacji nadruku?\",\"acceptedAnswer\":{\"@type\":\"Answer\",\"text\":\"<p>Najlepiej pliki edytowalne (np. PDF, CDR).<\\\/p>\"}},{\"@type\":\"Question\",\"name\":\"Czy mo\\u017cliwe s\\u0105 nietypowe kszta\\u0142ty, figury 3D lub elementy niestandardowe?\",\"acceptedAnswer\":{\"@type\":\"Answer\",\"text\":\"<p>Tak, realizujemy r\\u00f3wnie\\u017c projekty niestandardowe.<\\\/p>\"}},{\"@type\":\"Question\",\"name\":\"W jaki spos\\u00f3b realizowana jest wysy\\u0142ka reklamy pneumatycznej?\",\"acceptedAnswer\":{\"@type\":\"Answer\",\"text\":\"<p>Wysy\\u0142ka realizowana jest kurierem.<\\\/p>\"}}]}<\/script>\n\t\t\t\t\t<\/div>\n\t\t\t\t<\/div>\n\t\t\t\t<\/div>\n\t\t\t\t\t<\/div>\n\t\t\t\t<\/div>\n\t\t\t\t\t\t\t<\/div>","protected":false},"excerpt":{"rendered":"<p>Najcz\u0119\u015bciej zadawane pytania &#8211; realizacja reklamy pneumatycznej Jak d\u0142ugo trwa przygotowanie wyceny reklamy pneumatycznej? Do 1 godziny od otrzymania zapytania. Jaki jest standardowy czas produkcji reklamy pneumatycznej od momentu zatwierdzenia projektu? Oko\u0142o 7\u201310 dni roboczych. Czy klient otrzymuje wizualizacj\u0119 projektu przed rozpocz\u0119ciem produkcji? Tak, przed realizacj\u0105 reklamy pneumatycznej przesy\u0142amy projekt do akceptacji. Jakie pliki graficzne [&hellip;]<\/p>","protected":false},"author":1,"featured_media":0,"parent":0,"menu_order":0,"comment_status":"closed","ping_status":"closed","template":"","meta":{"inline_featured_image":false,"footnotes":""},"yoast_head":"<!-- This site is optimized with the Yoast SEO plugin v18.0 - https:\/\/yoast.com\/wordpress\/plugins\/seo\/ -->\n<title>Wycena reklamy pneumatycznej<\/title>\n<meta name=\"description\" content=\"Poznaj koszt reklamy, kt\u00f3ra przyci\u0105ga wzrok! Sprawd\u017a, ile zap\u0142acisz za dmuchan\u0105 reklam\u0119 \u2013 szybka i bezp\u0142atna wycena online!\" \/>\n<meta name=\"robots\" content=\"index, follow, max-snippet:-1, max-image-preview:large, max-video-preview:-1\" \/>\n<link rel=\"canonical\" href=\"https:\/\/windbal.pl\/en\/wycena-duze-balony\/\" \/>\n<meta property=\"og:locale\" content=\"en_GB\" \/>\n<meta property=\"og:type\" content=\"article\" \/>\n<meta property=\"og:title\" content=\"Wycena reklamy pneumatycznej\" \/>\n<meta property=\"og:description\" content=\"Poznaj koszt reklamy, kt\u00f3ra przyci\u0105ga wzrok! Sprawd\u017a, ile zap\u0142acisz za dmuchan\u0105 reklam\u0119 \u2013 szybka i bezp\u0142atna wycena online!\" \/>\n<meta property=\"og:url\" content=\"https:\/\/windbal.pl\/en\/wycena-duze-balony\/\" \/>\n<meta property=\"og:site_name\" content=\"Balony reklamowe z logo, dmuchane reklamy, firmowe, baloniki reklamowe z w\u0142asnym nadrukiem - Producent balon\u00f3w Windbal.pl\" \/>\n<meta property=\"article:modified_time\" content=\"2026-04-14T09:45:53+00:00\" \/>\n<meta name=\"twitter:card\" content=\"summary_large_image\" \/>\n<meta name=\"twitter:label1\" content=\"Estimated reading time\" \/>\n\t<meta name=\"twitter:data1\" content=\"1 minute\" \/>\n<script type=\"application\/ld+json\" class=\"yoast-schema-graph\">{\"@context\":\"https:\/\/schema.org\",\"@graph\":[{\"@type\":\"WebSite\",\"@id\":\"https:\/\/windbal.pl\/#website\",\"url\":\"https:\/\/windbal.pl\/\",\"name\":\"Balony reklamowe z logo, dmuchane reklamy, firmowe, baloniki reklamowe z w\u0142asnym nadrukiem - Producent balon\u00f3w Windbal.pl\",\"description\":\"Your Kitchen Interior Design Website\",\"potentialAction\":[{\"@type\":\"SearchAction\",\"target\":{\"@type\":\"EntryPoint\",\"urlTemplate\":\"https:\/\/windbal.pl\/?s={search_term_string}\"},\"query-input\":\"required name=search_term_string\"}],\"inLanguage\":\"en-GB\"},{\"@type\":\"WebPage\",\"@id\":\"https:\/\/windbal.pl\/wycena-duze-balony\/#webpage\",\"url\":\"https:\/\/windbal.pl\/wycena-duze-balony\/\",\"name\":\"Wycena reklamy pneumatycznej\",\"isPartOf\":{\"@id\":\"https:\/\/windbal.pl\/#website\"},\"datePublished\":\"2024-05-06T12:16:52+00:00\",\"dateModified\":\"2026-04-14T09:45:53+00:00\",\"description\":\"Poznaj koszt reklamy, kt\u00f3ra przyci\u0105ga wzrok! Sprawd\u017a, ile zap\u0142acisz za dmuchan\u0105 reklam\u0119 \u2013 szybka i bezp\u0142atna wycena online!\",\"breadcrumb\":{\"@id\":\"https:\/\/windbal.pl\/wycena-duze-balony\/#breadcrumb\"},\"inLanguage\":\"en-GB\",\"potentialAction\":[{\"@type\":\"ReadAction\",\"target\":[\"https:\/\/windbal.pl\/wycena-duze-balony\/\"]}]},{\"@type\":\"BreadcrumbList\",\"@id\":\"https:\/\/windbal.pl\/wycena-duze-balony\/#breadcrumb\",\"itemListElement\":[{\"@type\":\"ListItem\",\"position\":1,\"name\":\"Strona g\u0142\u00f3wna\",\"item\":\"https:\/\/windbal.pl\/\"},{\"@type\":\"ListItem\",\"position\":2,\"name\":\"Reklama pneumatyczna &#8211; wycena\"}]}]}<\/script>\n<!-- \/ Yoast SEO plugin. -->","yoast_head_json":{"title":"Wycena reklamy pneumatycznej","description":"Poznaj koszt reklamy, kt\u00f3ra przyci\u0105ga wzrok! Sprawd\u017a, ile zap\u0142acisz za dmuchan\u0105 reklam\u0119 \u2013 szybka i bezp\u0142atna wycena online!","robots":{"index":"index","follow":"follow","max-snippet":"max-snippet:-1","max-image-preview":"max-image-preview:large","max-video-preview":"max-video-preview:-1"},"canonical":"https:\/\/windbal.pl\/en\/wycena-duze-balony\/","og_locale":"en_GB","og_type":"article","og_title":"Wycena reklamy pneumatycznej","og_description":"Poznaj koszt reklamy, kt\u00f3ra przyci\u0105ga wzrok! Sprawd\u017a, ile zap\u0142acisz za dmuchan\u0105 reklam\u0119 \u2013 szybka i bezp\u0142atna wycena online!","og_url":"https:\/\/windbal.pl\/en\/wycena-duze-balony\/","og_site_name":"Balony reklamowe z logo, dmuchane reklamy, firmowe, baloniki reklamowe z w\u0142asnym nadrukiem - Producent balon\u00f3w Windbal.pl","article_modified_time":"2026-04-14T09:45:53+00:00","twitter_card":"summary_large_image","twitter_misc":{"Estimated reading time":"1 minute"},"schema":{"@context":"https:\/\/schema.org","@graph":[{"@type":"WebSite","@id":"https:\/\/windbal.pl\/#website","url":"https:\/\/windbal.pl\/","name":"Balony reklamowe z logo, dmuchane reklamy, firmowe, baloniki reklamowe z w\u0142asnym nadrukiem - Producent balon\u00f3w Windbal.pl","description":"Your Kitchen Interior Design Website","potentialAction":[{"@type":"SearchAction","target":{"@type":"EntryPoint","urlTemplate":"https:\/\/windbal.pl\/?s={search_term_string}"},"query-input":"required name=search_term_string"}],"inLanguage":"en-GB"},{"@type":"WebPage","@id":"https:\/\/windbal.pl\/wycena-duze-balony\/#webpage","url":"https:\/\/windbal.pl\/wycena-duze-balony\/","name":"Wycena reklamy pneumatycznej","isPartOf":{"@id":"https:\/\/windbal.pl\/#website"},"datePublished":"2024-05-06T12:16:52+00:00","dateModified":"2026-04-14T09:45:53+00:00","description":"Poznaj koszt reklamy, kt\u00f3ra przyci\u0105ga wzrok! Sprawd\u017a, ile zap\u0142acisz za dmuchan\u0105 reklam\u0119 \u2013 szybka i bezp\u0142atna wycena online!","breadcrumb":{"@id":"https:\/\/windbal.pl\/wycena-duze-balony\/#breadcrumb"},"inLanguage":"en-GB","potentialAction":[{"@type":"ReadAction","target":["https:\/\/windbal.pl\/wycena-duze-balony\/"]}]},{"@type":"BreadcrumbList","@id":"https:\/\/windbal.pl\/wycena-duze-balony\/#breadcrumb","itemListElement":[{"@type":"ListItem","position":1,"name":"Strona g\u0142\u00f3wna","item":"https:\/\/windbal.pl\/"},{"@type":"ListItem","position":2,"name":"Reklama pneumatyczna &#8211; wycena"}]}]}},"_links":{"self":[{"href":"https:\/\/windbal.pl\/en\/wp-json\/wp\/v2\/pages\/16980"}],"collection":[{"href":"https:\/\/windbal.pl\/en\/wp-json\/wp\/v2\/pages"}],"about":[{"href":"https:\/\/windbal.pl\/en\/wp-json\/wp\/v2\/types\/page"}],"author":[{"embeddable":true,"href":"https:\/\/windbal.pl\/en\/wp-json\/wp\/v2\/users\/1"}],"replies":[{"embeddable":true,"href":"https:\/\/windbal.pl\/en\/wp-json\/wp\/v2\/comments?post=16980"}],"version-history":[{"count":23,"href":"https:\/\/windbal.pl\/en\/wp-json\/wp\/v2\/pages\/16980\/revisions"}],"predecessor-version":[{"id":18035,"href":"https:\/\/windbal.pl\/en\/wp-json\/wp\/v2\/pages\/16980\/revisions\/18035"}],"wp:attachment":[{"href":"https:\/\/windbal.pl\/en\/wp-json\/wp\/v2\/media?parent=16980"}],"curies":[{"name":"wp","href":"https:\/\/api.w.org\/{rel}","templated":true}]}}