{"id":16956,"date":"2024-05-06T11:39:25","date_gmt":"2024-05-06T11:39:25","guid":{"rendered":"https:\/\/new.windbal.pl\/?page_id=16956"},"modified":"2026-01-13T10:07:22","modified_gmt":"2026-01-13T10:07:22","slug":"wycena-baloniki-z-nadrukiem","status":"publish","type":"page","link":"https:\/\/windbal.pl\/fr\/wycena-baloniki-z-nadrukiem\/","title":{"rendered":"Baloniki z nadrukiem &#8211; Wycena"},"content":{"rendered":"<div data-elementor-type=\"wp-page\" data-elementor-id=\"16956\" class=\"elementor elementor-16956\" data-elementor-post-type=\"page\">\n\t\t\t\t\t\t\t<div class=\"elementor-element elementor-element-6c8c258 e-flex e-con-boxed e-con e-parent\" data-id=\"6c8c258\" data-element_type=\"container\" data-settings=\"{&quot;content_width&quot;:&quot;boxed&quot;}\" data-core-v316-plus=\"true\">\n\t\t\t\t\t<div class=\"e-con-inner\">\n\t\t\t\t<div class=\"elementor-element elementor-element-dedc888 elementor-widget elementor-widget-heading\" data-id=\"dedc888\" data-element_type=\"widget\" data-widget_type=\"heading.default\">\n\t\t\t\t<div class=\"elementor-widget-container\">\n\t\t\t<style>\/*! elementor - v3.16.0 - 12-09-2023 *\/\n.elementor-heading-title{padding:0;margin:0;line-height:1}.elementor-widget-heading .elementor-heading-title[class*=elementor-size-]>a{color:inherit;font-size:inherit;line-height:inherit}.elementor-widget-heading .elementor-heading-title.elementor-size-small{font-size:15px}.elementor-widget-heading .elementor-heading-title.elementor-size-medium{font-size:19px}.elementor-widget-heading .elementor-heading-title.elementor-size-large{font-size:29px}.elementor-widget-heading .elementor-heading-title.elementor-size-xl{font-size:39px}.elementor-widget-heading .elementor-heading-title.elementor-size-xxl{font-size:59px}<\/style><h1 class=\"elementor-heading-title elementor-size-default\">Balony z nadrukiem na zam\u00f3wienie - wycena online<\/h1>\t\t<\/div>\n\t\t\t\t<\/div>\n\t\t\t\t<div class=\"elementor-element elementor-element-4267ecb elementor-widget elementor-widget-text-editor\" data-id=\"4267ecb\" data-element_type=\"widget\" data-widget_type=\"text-editor.default\">\n\t\t\t\t<div class=\"elementor-widget-container\">\n\t\t\t<style>\/*! elementor - v3.16.0 - 12-09-2023 *\/\n.elementor-widget-text-editor.elementor-drop-cap-view-stacked .elementor-drop-cap{background-color:#69727d;color:#fff}.elementor-widget-text-editor.elementor-drop-cap-view-framed .elementor-drop-cap{color:#69727d;border:3px solid;background-color:transparent}.elementor-widget-text-editor:not(.elementor-drop-cap-view-default) .elementor-drop-cap{margin-top:8px}.elementor-widget-text-editor:not(.elementor-drop-cap-view-default) .elementor-drop-cap-letter{width:1em;height:1em}.elementor-widget-text-editor .elementor-drop-cap{float:left;text-align:center;line-height:1;font-size:50px}.elementor-widget-text-editor .elementor-drop-cap-letter{display:inline-block}<\/style>\t\t\t\t<p>Szukasz balon\u00f3w z nadrukiem, kt\u00f3re przyci\u0105gn\u0105 uwag\u0119 i wzmocni\u0105 wizerunek Twojej marki? U nas wycenisz je szybko, precyzyjnie i bez zb\u0119dnych formalno\u015bci \u2013 ca\u0142kowicie online. Nasz intuicyjny formularz pozwala w kilka minut dopasowa\u0107 balony do Twoich potrzeb \u2013 niezale\u017cnie, czy planujesz event, kampani\u0119 promocyjn\u0105 czy targi bran\u017cowe. Sprawd\u017a, ile to kosztuje i zam\u00f3w z gwarancj\u0105 jako\u015bci i terminowo\u015bci.<\/p><p>W okienku Uwagi\/opis w formularzu zam\u00f3wienia balon\u00f3w z nadrukiem warto wpisa\u0107 dodatkowe informacje, kt\u00f3re mog\u0105 pom\u00f3c w realizacji Twojego zam\u00f3wienia. Na przyk\u0142ad:<\/p><ul><li>Informacje o terminie realizacji, je\u015bli jest to dla Ciebie wa\u017cne.<\/li><li>Ewentualne instrukcje dotycz\u0105ce pakowania (np. osobno zapakowane partie).<\/li><li>W naszej ofercie znajduj\u0105 si\u0119 r\u00f3wnie\u017c pompki i stojaki na balony, mo\u017cna uwzgl\u0119dni\u0107 je w zapytaniu.<\/li><\/ul><p>Balony, na kt\u00f3rych wykonujemy nadruki, s\u0105 w 100% biodegradowalne \u2013 powstaj\u0105 wy\u0142\u0105cznie z naturalnego lateksu.<\/p>\t\t\t\t\t\t<\/div>\n\t\t\t\t<\/div>\n\t\t\t\t\t<\/div>\n\t\t\t\t<\/div>\n\t\t<div class=\"elementor-element elementor-element-9ea3de4 e-flex e-con-boxed e-con e-parent\" data-id=\"9ea3de4\" data-element_type=\"container\" data-settings=\"{&quot;content_width&quot;:&quot;boxed&quot;}\" data-core-v316-plus=\"true\">\n\t\t\t\t\t<div class=\"e-con-inner\">\n\t\t\t\t<div class=\"elementor-element elementor-element-ef20f4a elementor-widget__width-inherit elementor-widget elementor-widget-html\" data-id=\"ef20f4a\" data-element_type=\"widget\" id=\"formularz\" data-widget_type=\"html.default\">\n\t\t\t\t<div class=\"elementor-widget-container\">\n\t\t\t<iframe loading=\"lazy\" style=\".header {display: none!important;\" height=\"1300\" width=\"100%\" src=\"https:\/\/old.windbal.pl\/wycena-baloniki-z-nadrukiem\"><\/iframe>\n\t\t<\/div>\n\t\t\t\t<\/div>\n\t\t\t\t\t<\/div>\n\t\t\t\t<\/div>\n\t\t<div class=\"elementor-element elementor-element-e5f2e06 e-flex e-con-boxed e-con e-parent\" data-id=\"e5f2e06\" data-element_type=\"container\" data-settings=\"{&quot;content_width&quot;:&quot;boxed&quot;}\" data-core-v316-plus=\"true\">\n\t\t\t\t\t<div class=\"e-con-inner\">\n\t\t\t\t<div class=\"elementor-element elementor-element-e7fda16 elementor-widget elementor-widget-heading\" data-id=\"e7fda16\" data-element_type=\"widget\" data-widget_type=\"heading.default\">\n\t\t\t\t<div class=\"elementor-widget-container\">\n\t\t\t<h2 class=\"elementor-heading-title elementor-size-default\">Jak dzia\u0142a proces wyceny balon\u00f3w na zam\u00f3wienie?\n<\/h2>\t\t<\/div>\n\t\t\t\t<\/div>\n\t\t\t\t<div class=\"elementor-element elementor-element-f4f9193 elementor-widget elementor-widget-text-editor\" data-id=\"f4f9193\" data-element_type=\"widget\" data-widget_type=\"text-editor.default\">\n\t\t\t\t<div class=\"elementor-widget-container\">\n\t\t\t\t\t\t\t<ol><li>Formularz online \u2013 intuicyjny formularz pozwala na podanie wszystkich potrzebnych danych, aby zam\u00f3wienie przebieg\u0142o sprawnie. Wybierz rodzaj balonu, rozmiar, kolor, ilo\u015b\u0107 i liczb\u0119 kolor\u00f3w nadruku.<\/li><li>Wycena &#8211; wycen\u0119 balon\u00f3w otrzymasz na swojego maila. <\/li><\/ol>\t\t\t\t\t\t<\/div>\n\t\t\t\t<\/div>\n\t\t\t\t<div class=\"elementor-element elementor-element-4fc2a61 elementor-widget elementor-widget-heading\" data-id=\"4fc2a61\" data-element_type=\"widget\" data-widget_type=\"heading.default\">\n\t\t\t\t<div class=\"elementor-widget-container\">\n\t\t\t<h4 class=\"elementor-heading-title elementor-size-default\">Najcz\u0119stsze pytania klient\u00f3w<\/h4>\t\t<\/div>\n\t\t\t\t<\/div>\n\t\t\t\t<div class=\"elementor-element elementor-element-9a41fc4 kitchor-accordion-kitchor-1 elementor-widget elementor-widget-accordion\" data-id=\"9a41fc4\" data-element_type=\"widget\" data-widget_type=\"accordion.default\">\n\t\t\t\t<div class=\"elementor-widget-container\">\n\t\t\t<style>.elementor-accordion{text-align:left}.elementor-accordion .elementor-accordion-item{border:1px solid #d5d8dc}.elementor-accordion .elementor-accordion-item+.elementor-accordion-item{border-top:none}.elementor-accordion .elementor-tab-title{margin:0;padding:15px 20px;font-weight:700;line-height:1;cursor:pointer;outline:none}.elementor-accordion .elementor-tab-title .elementor-accordion-icon{display:inline-block;width:1.5em}.elementor-accordion .elementor-tab-title .elementor-accordion-icon svg{width:1em;height:1em}.elementor-accordion .elementor-tab-title .elementor-accordion-icon.elementor-accordion-icon-right{float:right;text-align:right}.elementor-accordion .elementor-tab-title .elementor-accordion-icon.elementor-accordion-icon-left{float:left;text-align:left}.elementor-accordion .elementor-tab-title .elementor-accordion-icon .elementor-accordion-icon-closed{display:block}.elementor-accordion .elementor-tab-title .elementor-accordion-icon .elementor-accordion-icon-opened,.elementor-accordion .elementor-tab-title.elementor-active .elementor-accordion-icon-closed{display:none}.elementor-accordion .elementor-tab-title.elementor-active .elementor-accordion-icon-opened{display:block}.elementor-accordion .elementor-tab-content{display:none;padding:15px 20px;border-top:1px solid #d5d8dc}@media (max-width:767px){.elementor-accordion .elementor-tab-title{padding:12px 15px}.elementor-accordion .elementor-tab-title .elementor-accordion-icon{width:1.2em}.elementor-accordion .elementor-tab-content{padding:7px 15px}}.e-con-inner>.elementor-widget-accordion,.e-con>.elementor-widget-accordion{width:var(--container-widget-width);--flex-grow:var(--container-widget-flex-grow)}<\/style>\t\t<div class=\"elementor-accordion\">\n\t\t\t\t\t\t\t<div class=\"elementor-accordion-item\">\n\t\t\t\t\t<div id=\"elementor-tab-title-1611\" class=\"elementor-tab-title\" data-tab=\"1\" role=\"button\" aria-controls=\"elementor-tab-content-1611\" aria-expanded=\"false\">\n\t\t\t\t\t\t\t\t\t\t\t\t\t<span class=\"elementor-accordion-icon elementor-accordion-icon-left\" aria-hidden=\"true\">\n\t\t\t\t\t\t\t\t\t\t\t\t\t\t\t<span class=\"elementor-accordion-icon-closed\"><i class=\"fas fa-plus\"><\/i><\/span>\n\t\t\t\t\t\t\t\t<span class=\"elementor-accordion-icon-opened\"><i class=\"fas fa-minus\"><\/i><\/span>\n\t\t\t\t\t\t\t\t\t\t\t\t\t\t<\/span>\n\t\t\t\t\t\t\t\t\t\t\t\t<a class=\"elementor-accordion-title\" tabindex=\"0\">Jaki jest przewidywany czas oczekiwania na odpowied\u017a z wycen\u0105?<\/a>\n\t\t\t\t\t<\/div>\n\t\t\t\t\t<div id=\"elementor-tab-content-1611\" class=\"elementor-tab-content elementor-clearfix\" data-tab=\"1\" role=\"region\" aria-labelledby=\"elementor-tab-title-1611\"><p>\u00a0Odpowied\u017a z wycen\u0105 wysy\u0142amy zazwyczaj w ci\u0105gu 15\u201330 minut od otrzymania formularza.<\/p><\/div>\n\t\t\t\t<\/div>\n\t\t\t\t\t\t\t<div class=\"elementor-accordion-item\">\n\t\t\t\t\t<div id=\"elementor-tab-title-1612\" class=\"elementor-tab-title\" data-tab=\"2\" role=\"button\" aria-controls=\"elementor-tab-content-1612\" aria-expanded=\"false\">\n\t\t\t\t\t\t\t\t\t\t\t\t\t<span class=\"elementor-accordion-icon elementor-accordion-icon-left\" aria-hidden=\"true\">\n\t\t\t\t\t\t\t\t\t\t\t\t\t\t\t<span class=\"elementor-accordion-icon-closed\"><i class=\"fas fa-plus\"><\/i><\/span>\n\t\t\t\t\t\t\t\t<span class=\"elementor-accordion-icon-opened\"><i class=\"fas fa-minus\"><\/i><\/span>\n\t\t\t\t\t\t\t\t\t\t\t\t\t\t<\/span>\n\t\t\t\t\t\t\t\t\t\t\t\t<a class=\"elementor-accordion-title\" tabindex=\"0\">Jaki jest standardowy czas realizacji zam\u00f3wienia balon\u00f3w z nadrukiem?<\/a>\n\t\t\t\t\t<\/div>\n\t\t\t\t\t<div id=\"elementor-tab-content-1612\" class=\"elementor-tab-content elementor-clearfix\" data-tab=\"2\" role=\"region\" aria-labelledby=\"elementor-tab-title-1612\"><p>Dla zam\u00f3wie\u0144 do 3000 sztuk czas realizacji wynosi 3\u20135 dni roboczych.<\/p><\/div>\n\t\t\t\t<\/div>\n\t\t\t\t\t\t\t<div class=\"elementor-accordion-item\">\n\t\t\t\t\t<div id=\"elementor-tab-title-1613\" class=\"elementor-tab-title\" data-tab=\"3\" role=\"button\" aria-controls=\"elementor-tab-content-1613\" aria-expanded=\"false\">\n\t\t\t\t\t\t\t\t\t\t\t\t\t<span class=\"elementor-accordion-icon elementor-accordion-icon-left\" aria-hidden=\"true\">\n\t\t\t\t\t\t\t\t\t\t\t\t\t\t\t<span class=\"elementor-accordion-icon-closed\"><i class=\"fas fa-plus\"><\/i><\/span>\n\t\t\t\t\t\t\t\t<span class=\"elementor-accordion-icon-opened\"><i class=\"fas fa-minus\"><\/i><\/span>\n\t\t\t\t\t\t\t\t\t\t\t\t\t\t<\/span>\n\t\t\t\t\t\t\t\t\t\t\t\t<a class=\"elementor-accordion-title\" tabindex=\"0\">Jaka jest minimalna ilo\u015b\u0107 zam\u00f3wienia balon\u00f3w z nadrukiem?<\/a>\n\t\t\t\t\t<\/div>\n\t\t\t\t\t<div id=\"elementor-tab-content-1613\" class=\"elementor-tab-content elementor-clearfix\" data-tab=\"3\" role=\"region\" aria-labelledby=\"elementor-tab-title-1613\"><p>\u00a0Minimalne zam\u00f3wienie to 100 balon\u00f3w z nadrukiem.<\/p><\/div>\n\t\t\t\t<\/div>\n\t\t\t\t\t\t\t<div class=\"elementor-accordion-item\">\n\t\t\t\t\t<div id=\"elementor-tab-title-1614\" class=\"elementor-tab-title\" data-tab=\"4\" role=\"button\" aria-controls=\"elementor-tab-content-1614\" aria-expanded=\"false\">\n\t\t\t\t\t\t\t\t\t\t\t\t\t<span class=\"elementor-accordion-icon elementor-accordion-icon-left\" aria-hidden=\"true\">\n\t\t\t\t\t\t\t\t\t\t\t\t\t\t\t<span class=\"elementor-accordion-icon-closed\"><i class=\"fas fa-plus\"><\/i><\/span>\n\t\t\t\t\t\t\t\t<span class=\"elementor-accordion-icon-opened\"><i class=\"fas fa-minus\"><\/i><\/span>\n\t\t\t\t\t\t\t\t\t\t\t\t\t\t<\/span>\n\t\t\t\t\t\t\t\t\t\t\t\t<a class=\"elementor-accordion-title\" tabindex=\"0\">Czy przed realizacj\u0105 zam\u00f3wienia klient otrzymuje wizualizacj\u0119 projektu nadruku?<\/a>\n\t\t\t\t\t<\/div>\n\t\t\t\t\t<div id=\"elementor-tab-content-1614\" class=\"elementor-tab-content elementor-clearfix\" data-tab=\"4\" role=\"region\" aria-labelledby=\"elementor-tab-title-1614\"><p>Tak, przed produkcj\u0105 przesy\u0142amy wizualizacj\u0119 do akceptacji.<\/p><\/div>\n\t\t\t\t<\/div>\n\t\t\t\t\t\t\t<div class=\"elementor-accordion-item\">\n\t\t\t\t\t<div id=\"elementor-tab-title-1615\" class=\"elementor-tab-title\" data-tab=\"5\" role=\"button\" aria-controls=\"elementor-tab-content-1615\" aria-expanded=\"false\">\n\t\t\t\t\t\t\t\t\t\t\t\t\t<span class=\"elementor-accordion-icon elementor-accordion-icon-left\" aria-hidden=\"true\">\n\t\t\t\t\t\t\t\t\t\t\t\t\t\t\t<span class=\"elementor-accordion-icon-closed\"><i class=\"fas fa-plus\"><\/i><\/span>\n\t\t\t\t\t\t\t\t<span class=\"elementor-accordion-icon-opened\"><i class=\"fas fa-minus\"><\/i><\/span>\n\t\t\t\t\t\t\t\t\t\t\t\t\t\t<\/span>\n\t\t\t\t\t\t\t\t\t\t\t\t<a class=\"elementor-accordion-title\" tabindex=\"0\">Jakie pliki graficzne i w jakim formacie trzeba dostarczy\u0107 do realizacji nadruku?<\/a>\n\t\t\t\t\t<\/div>\n\t\t\t\t\t<div id=\"elementor-tab-content-1615\" class=\"elementor-tab-content elementor-clearfix\" data-tab=\"5\" role=\"region\" aria-labelledby=\"elementor-tab-title-1615\"><p>Najlepiej przes\u0142a\u0107 pliki edytowalne (PDF, CDR, AI). Mo\u017cemy te\u017c pracowa\u0107 na dobrej jako\u015bci PNG lub JPG.<\/p><\/div>\n\t\t\t\t<\/div>\n\t\t\t\t\t\t\t<div class=\"elementor-accordion-item\">\n\t\t\t\t\t<div id=\"elementor-tab-title-1616\" class=\"elementor-tab-title\" data-tab=\"6\" role=\"button\" aria-controls=\"elementor-tab-content-1616\" aria-expanded=\"false\">\n\t\t\t\t\t\t\t\t\t\t\t\t\t<span class=\"elementor-accordion-icon elementor-accordion-icon-left\" aria-hidden=\"true\">\n\t\t\t\t\t\t\t\t\t\t\t\t\t\t\t<span class=\"elementor-accordion-icon-closed\"><i class=\"fas fa-plus\"><\/i><\/span>\n\t\t\t\t\t\t\t\t<span class=\"elementor-accordion-icon-opened\"><i class=\"fas fa-minus\"><\/i><\/span>\n\t\t\t\t\t\t\t\t\t\t\t\t\t\t<\/span>\n\t\t\t\t\t\t\t\t\t\t\t\t<a class=\"elementor-accordion-title\" tabindex=\"0\">Czy mo\u017cna zam\u00f3wi\u0107 pr\u00f3bki balon\u00f3w z nadrukiem przed z\u0142o\u017ceniem wi\u0119kszego zam\u00f3wienia?<\/a>\n\t\t\t\t\t<\/div>\n\t\t\t\t\t<div id=\"elementor-tab-content-1616\" class=\"elementor-tab-content elementor-clearfix\" data-tab=\"6\" role=\"region\" aria-labelledby=\"elementor-tab-title-1616\"><p>\u00a0Tak, istnieje mo\u017cliwo\u015b\u0107 zam\u00f3wienia pr\u00f3bek.<\/p><\/div>\n\t\t\t\t<\/div>\n\t\t\t\t\t\t\t<div class=\"elementor-accordion-item\">\n\t\t\t\t\t<div id=\"elementor-tab-title-1617\" class=\"elementor-tab-title\" data-tab=\"7\" role=\"button\" aria-controls=\"elementor-tab-content-1617\" aria-expanded=\"false\">\n\t\t\t\t\t\t\t\t\t\t\t\t\t<span class=\"elementor-accordion-icon elementor-accordion-icon-left\" aria-hidden=\"true\">\n\t\t\t\t\t\t\t\t\t\t\t\t\t\t\t<span class=\"elementor-accordion-icon-closed\"><i class=\"fas fa-plus\"><\/i><\/span>\n\t\t\t\t\t\t\t\t<span class=\"elementor-accordion-icon-opened\"><i class=\"fas fa-minus\"><\/i><\/span>\n\t\t\t\t\t\t\t\t\t\t\t\t\t\t<\/span>\n\t\t\t\t\t\t\t\t\t\t\t\t<a class=\"elementor-accordion-title\" tabindex=\"0\">Czy balony mo\u017cna nape\u0142nia\u0107 helem?<\/a>\n\t\t\t\t\t<\/div>\n\t\t\t\t\t<div id=\"elementor-tab-content-1617\" class=\"elementor-tab-content elementor-clearfix\" data-tab=\"7\" role=\"region\" aria-labelledby=\"elementor-tab-title-1617\"><p>\u00a0Tak, nasze balony nadaj\u0105 si\u0119 do nape\u0142niania helem.<\/p><\/div>\n\t\t\t\t<\/div>\n\t\t\t\t\t\t\t<div class=\"elementor-accordion-item\">\n\t\t\t\t\t<div id=\"elementor-tab-title-1618\" class=\"elementor-tab-title\" data-tab=\"8\" role=\"button\" aria-controls=\"elementor-tab-content-1618\" aria-expanded=\"false\">\n\t\t\t\t\t\t\t\t\t\t\t\t\t<span class=\"elementor-accordion-icon elementor-accordion-icon-left\" aria-hidden=\"true\">\n\t\t\t\t\t\t\t\t\t\t\t\t\t\t\t<span class=\"elementor-accordion-icon-closed\"><i class=\"fas fa-plus\"><\/i><\/span>\n\t\t\t\t\t\t\t\t<span class=\"elementor-accordion-icon-opened\"><i class=\"fas fa-minus\"><\/i><\/span>\n\t\t\t\t\t\t\t\t\t\t\t\t\t\t<\/span>\n\t\t\t\t\t\t\t\t\t\t\t\t<a class=\"elementor-accordion-title\" tabindex=\"0\">Jakie rodzaje nadruku s\u0105 dost\u0119pne (np. sitodruk, cyfrowy)?<\/a>\n\t\t\t\t\t<\/div>\n\t\t\t\t\t<div id=\"elementor-tab-content-1618\" class=\"elementor-tab-content elementor-clearfix\" data-tab=\"8\" role=\"region\" aria-labelledby=\"elementor-tab-title-1618\"><p>\u00a0Na balonach lateksowych wykonujemy nadruki metod\u0105 sitodruku.<\/p><\/div>\n\t\t\t\t<\/div>\n\t\t\t\t\t\t\t<div class=\"elementor-accordion-item\">\n\t\t\t\t\t<div id=\"elementor-tab-title-1619\" class=\"elementor-tab-title\" data-tab=\"9\" role=\"button\" aria-controls=\"elementor-tab-content-1619\" aria-expanded=\"false\">\n\t\t\t\t\t\t\t\t\t\t\t\t\t<span class=\"elementor-accordion-icon elementor-accordion-icon-left\" aria-hidden=\"true\">\n\t\t\t\t\t\t\t\t\t\t\t\t\t\t\t<span class=\"elementor-accordion-icon-closed\"><i class=\"fas fa-plus\"><\/i><\/span>\n\t\t\t\t\t\t\t\t<span class=\"elementor-accordion-icon-opened\"><i class=\"fas fa-minus\"><\/i><\/span>\n\t\t\t\t\t\t\t\t\t\t\t\t\t\t<\/span>\n\t\t\t\t\t\t\t\t\t\t\t\t<a class=\"elementor-accordion-title\" tabindex=\"0\">W jaki spos\u00f3b realizowana jest wysy\u0142ka zam\u00f3wienia?<\/a>\n\t\t\t\t\t<\/div>\n\t\t\t\t\t<div id=\"elementor-tab-content-1619\" class=\"elementor-tab-content elementor-clearfix\" data-tab=\"9\" role=\"region\" aria-labelledby=\"elementor-tab-title-1619\"><p>Zam\u00f3wienia wysy\u0142amy kurierem po zaksi\u0119gowaniu p\u0142atno\u015bci.<\/p><\/div>\n\t\t\t\t<\/div>\n\t\t\t\t\t\t\t\t<\/div>\n\t\t\t\t<\/div>\n\t\t\t\t<\/div>\n\t\t\t\t\t<\/div>\n\t\t\t\t<\/div>\n\t\t\t\t\t\t\t<\/div>","protected":false},"excerpt":{"rendered":"<p>Balony z nadrukiem na zam\u00f3wienie &#8211; wycena online Szukasz balon\u00f3w z nadrukiem, kt\u00f3re przyci\u0105gn\u0105 uwag\u0119 i wzmocni\u0105 wizerunek Twojej marki? U nas wycenisz je szybko, precyzyjnie i bez zb\u0119dnych formalno\u015bci \u2013 ca\u0142kowicie online. Nasz intuicyjny formularz pozwala w kilka minut dopasowa\u0107 balony do Twoich potrzeb \u2013 niezale\u017cnie, czy planujesz event, kampani\u0119 promocyjn\u0105 czy targi bran\u017cowe. [&hellip;]<\/p>","protected":false},"author":1,"featured_media":0,"parent":0,"menu_order":0,"comment_status":"closed","ping_status":"closed","template":"","meta":{"inline_featured_image":false,"footnotes":""},"yoast_head":"<!-- This site is optimized with the Yoast SEO plugin v18.0 - https:\/\/yoast.com\/wordpress\/plugins\/seo\/ -->\n<title>Baloniki z nadrukiem - Wycena<\/title>\n<meta name=\"description\" content=\"Wyr\u00f3\u017cnij swoj\u0105 mark\u0119! Wycena balon\u00f3w z nadrukiem online \u2013 szybko, wygodnie i bez zobowi\u0105za\u0144. Z\u0142\u00f3\u017c zapytanie ju\u017c dzi\u015b.\" \/>\n<meta name=\"robots\" content=\"index, follow, max-snippet:-1, max-image-preview:large, max-video-preview:-1\" \/>\n<link rel=\"canonical\" href=\"https:\/\/windbal.pl\/fr\/wycena-baloniki-z-nadrukiem\/\" \/>\n<meta property=\"og:locale\" content=\"fr_FR\" \/>\n<meta property=\"og:type\" content=\"article\" \/>\n<meta property=\"og:title\" content=\"Baloniki z nadrukiem - Wycena\" \/>\n<meta property=\"og:description\" content=\"Wyr\u00f3\u017cnij swoj\u0105 mark\u0119! Wycena balon\u00f3w z nadrukiem online \u2013 szybko, wygodnie i bez zobowi\u0105za\u0144. Z\u0142\u00f3\u017c zapytanie ju\u017c dzi\u015b.\" \/>\n<meta property=\"og:url\" content=\"https:\/\/windbal.pl\/fr\/wycena-baloniki-z-nadrukiem\/\" \/>\n<meta property=\"og:site_name\" content=\"Balony reklamowe z logo, dmuchane reklamy, firmowe, baloniki reklamowe z w\u0142asnym nadrukiem - Producent balon\u00f3w Windbal.pl\" \/>\n<meta property=\"article:modified_time\" content=\"2026-01-13T10:07:22+00:00\" \/>\n<meta name=\"twitter:card\" content=\"summary_large_image\" \/>\n<meta name=\"twitter:label1\" content=\"Dur\u00e9e de lecture estim\u00e9e\" \/>\n\t<meta name=\"twitter:data1\" content=\"2 minutes\" \/>\n<script type=\"application\/ld+json\" class=\"yoast-schema-graph\">{\"@context\":\"https:\/\/schema.org\",\"@graph\":[{\"@type\":\"WebSite\",\"@id\":\"https:\/\/windbal.pl\/#website\",\"url\":\"https:\/\/windbal.pl\/\",\"name\":\"Balony reklamowe z logo, dmuchane reklamy, firmowe, baloniki reklamowe z w\u0142asnym nadrukiem - Producent balon\u00f3w Windbal.pl\",\"description\":\"Your Kitchen Interior Design Website\",\"potentialAction\":[{\"@type\":\"SearchAction\",\"target\":{\"@type\":\"EntryPoint\",\"urlTemplate\":\"https:\/\/windbal.pl\/?s={search_term_string}\"},\"query-input\":\"required name=search_term_string\"}],\"inLanguage\":\"fr-FR\"},{\"@type\":\"WebPage\",\"@id\":\"https:\/\/windbal.pl\/wycena-baloniki-z-nadrukiem\/#webpage\",\"url\":\"https:\/\/windbal.pl\/wycena-baloniki-z-nadrukiem\/\",\"name\":\"Baloniki z nadrukiem - Wycena\",\"isPartOf\":{\"@id\":\"https:\/\/windbal.pl\/#website\"},\"datePublished\":\"2024-05-06T11:39:25+00:00\",\"dateModified\":\"2026-01-13T10:07:22+00:00\",\"description\":\"Wyr\u00f3\u017cnij swoj\u0105 mark\u0119! Wycena balon\u00f3w z nadrukiem online \u2013 szybko, wygodnie i bez zobowi\u0105za\u0144. Z\u0142\u00f3\u017c zapytanie ju\u017c dzi\u015b.\",\"breadcrumb\":{\"@id\":\"https:\/\/windbal.pl\/wycena-baloniki-z-nadrukiem\/#breadcrumb\"},\"inLanguage\":\"fr-FR\",\"potentialAction\":[{\"@type\":\"ReadAction\",\"target\":[\"https:\/\/windbal.pl\/wycena-baloniki-z-nadrukiem\/\"]}]},{\"@type\":\"BreadcrumbList\",\"@id\":\"https:\/\/windbal.pl\/wycena-baloniki-z-nadrukiem\/#breadcrumb\",\"itemListElement\":[{\"@type\":\"ListItem\",\"position\":1,\"name\":\"Strona g\u0142\u00f3wna\",\"item\":\"https:\/\/windbal.pl\/\"},{\"@type\":\"ListItem\",\"position\":2,\"name\":\"Baloniki z nadrukiem &#8211; Wycena\"}]}]}<\/script>\n<!-- \/ Yoast SEO plugin. -->","yoast_head_json":{"title":"Baloniki z nadrukiem - Wycena","description":"Wyr\u00f3\u017cnij swoj\u0105 mark\u0119! Wycena balon\u00f3w z nadrukiem online \u2013 szybko, wygodnie i bez zobowi\u0105za\u0144. Z\u0142\u00f3\u017c zapytanie ju\u017c dzi\u015b.","robots":{"index":"index","follow":"follow","max-snippet":"max-snippet:-1","max-image-preview":"max-image-preview:large","max-video-preview":"max-video-preview:-1"},"canonical":"https:\/\/windbal.pl\/fr\/wycena-baloniki-z-nadrukiem\/","og_locale":"fr_FR","og_type":"article","og_title":"Baloniki z nadrukiem - Wycena","og_description":"Wyr\u00f3\u017cnij swoj\u0105 mark\u0119! Wycena balon\u00f3w z nadrukiem online \u2013 szybko, wygodnie i bez zobowi\u0105za\u0144. Z\u0142\u00f3\u017c zapytanie ju\u017c dzi\u015b.","og_url":"https:\/\/windbal.pl\/fr\/wycena-baloniki-z-nadrukiem\/","og_site_name":"Balony reklamowe z logo, dmuchane reklamy, firmowe, baloniki reklamowe z w\u0142asnym nadrukiem - Producent balon\u00f3w Windbal.pl","article_modified_time":"2026-01-13T10:07:22+00:00","twitter_card":"summary_large_image","twitter_misc":{"Dur\u00e9e de lecture estim\u00e9e":"2 minutes"},"schema":{"@context":"https:\/\/schema.org","@graph":[{"@type":"WebSite","@id":"https:\/\/windbal.pl\/#website","url":"https:\/\/windbal.pl\/","name":"Balony reklamowe z logo, dmuchane reklamy, firmowe, baloniki reklamowe z w\u0142asnym nadrukiem - Producent balon\u00f3w Windbal.pl","description":"Your Kitchen Interior Design Website","potentialAction":[{"@type":"SearchAction","target":{"@type":"EntryPoint","urlTemplate":"https:\/\/windbal.pl\/?s={search_term_string}"},"query-input":"required name=search_term_string"}],"inLanguage":"fr-FR"},{"@type":"WebPage","@id":"https:\/\/windbal.pl\/wycena-baloniki-z-nadrukiem\/#webpage","url":"https:\/\/windbal.pl\/wycena-baloniki-z-nadrukiem\/","name":"Baloniki z nadrukiem - Wycena","isPartOf":{"@id":"https:\/\/windbal.pl\/#website"},"datePublished":"2024-05-06T11:39:25+00:00","dateModified":"2026-01-13T10:07:22+00:00","description":"Wyr\u00f3\u017cnij swoj\u0105 mark\u0119! Wycena balon\u00f3w z nadrukiem online \u2013 szybko, wygodnie i bez zobowi\u0105za\u0144. Z\u0142\u00f3\u017c zapytanie ju\u017c dzi\u015b.","breadcrumb":{"@id":"https:\/\/windbal.pl\/wycena-baloniki-z-nadrukiem\/#breadcrumb"},"inLanguage":"fr-FR","potentialAction":[{"@type":"ReadAction","target":["https:\/\/windbal.pl\/wycena-baloniki-z-nadrukiem\/"]}]},{"@type":"BreadcrumbList","@id":"https:\/\/windbal.pl\/wycena-baloniki-z-nadrukiem\/#breadcrumb","itemListElement":[{"@type":"ListItem","position":1,"name":"Strona g\u0142\u00f3wna","item":"https:\/\/windbal.pl\/"},{"@type":"ListItem","position":2,"name":"Baloniki z nadrukiem &#8211; Wycena"}]}]}},"_links":{"self":[{"href":"https:\/\/windbal.pl\/fr\/wp-json\/wp\/v2\/pages\/16956"}],"collection":[{"href":"https:\/\/windbal.pl\/fr\/wp-json\/wp\/v2\/pages"}],"about":[{"href":"https:\/\/windbal.pl\/fr\/wp-json\/wp\/v2\/types\/page"}],"author":[{"embeddable":true,"href":"https:\/\/windbal.pl\/fr\/wp-json\/wp\/v2\/users\/1"}],"replies":[{"embeddable":true,"href":"https:\/\/windbal.pl\/fr\/wp-json\/wp\/v2\/comments?post=16956"}],"version-history":[{"count":35,"href":"https:\/\/windbal.pl\/fr\/wp-json\/wp\/v2\/pages\/16956\/revisions"}],"predecessor-version":[{"id":17984,"href":"https:\/\/windbal.pl\/fr\/wp-json\/wp\/v2\/pages\/16956\/revisions\/17984"}],"wp:attachment":[{"href":"https:\/\/windbal.pl\/fr\/wp-json\/wp\/v2\/media?parent=16956"}],"curies":[{"name":"wp","href":"https:\/\/api.w.org\/{rel}","templated":true}]}}