{"id":16980,"date":"2024-05-06T12:16:52","date_gmt":"2024-05-06T12:16:52","guid":{"rendered":"https:\/\/new.windbal.pl\/?page_id=16980"},"modified":"2025-07-15T08:14:25","modified_gmt":"2025-07-15T08:14:25","slug":"wycena-duze-balony","status":"publish","type":"page","link":"https:\/\/windbal.pl\/fr\/wycena-duze-balony\/","title":{"rendered":"Reklama pneumatyczna &#8211; wycena"},"content":{"rendered":"<div data-elementor-type=\"wp-page\" data-elementor-id=\"16980\" class=\"elementor elementor-16980\" data-elementor-post-type=\"page\">\n\t\t\t\t\t\t\t<div class=\"elementor-element elementor-element-9ea3de4 e-flex e-con-boxed e-con e-parent\" data-id=\"9ea3de4\" data-element_type=\"container\" data-settings=\"{&quot;content_width&quot;:&quot;boxed&quot;}\" data-core-v316-plus=\"true\">\n\t\t\t\t\t<div class=\"e-con-inner\">\n\t\t\t\t<div class=\"elementor-element elementor-element-ef20f4a elementor-widget__width-inherit elementor-widget elementor-widget-html\" data-id=\"ef20f4a\" data-element_type=\"widget\" id=\"formularz\" data-widget_type=\"html.default\">\n\t\t\t\t<div class=\"elementor-widget-container\">\n\t\t\t<iframe loading=\"lazy\" style=\".header {display: none!important;\" height=\"3200\" width=\"100%\" src=\"https:\/\/old.windbal.pl\/wycena-duze-balony\"><\/iframe>\n\t\t<\/div>\n\t\t\t\t<\/div>\n\t\t\t\t\t<\/div>\n\t\t\t\t<\/div>\n\t\t\t\t\t\t\t<\/div>","protected":false},"excerpt":{"rendered":"","protected":false},"author":1,"featured_media":0,"parent":0,"menu_order":0,"comment_status":"closed","ping_status":"closed","template":"","meta":{"inline_featured_image":false,"footnotes":""},"yoast_head":"<!-- This site is optimized with the Yoast SEO plugin v18.0 - https:\/\/yoast.com\/wordpress\/plugins\/seo\/ -->\n<title>Wycena reklamy pneumatycznej<\/title>\n<meta name=\"description\" content=\"Poznaj koszt reklamy, kt\u00f3ra przyci\u0105ga wzrok! Sprawd\u017a, ile zap\u0142acisz za dmuchan\u0105 reklam\u0119 \u2013 szybka i bezp\u0142atna wycena online!\" \/>\n<meta name=\"robots\" content=\"index, follow, max-snippet:-1, max-image-preview:large, max-video-preview:-1\" \/>\n<link rel=\"canonical\" href=\"https:\/\/windbal.pl\/fr\/wycena-duze-balony\/\" \/>\n<meta property=\"og:locale\" content=\"fr_FR\" \/>\n<meta property=\"og:type\" content=\"article\" \/>\n<meta property=\"og:title\" content=\"Wycena reklamy pneumatycznej\" \/>\n<meta property=\"og:description\" content=\"Poznaj koszt reklamy, kt\u00f3ra przyci\u0105ga wzrok! Sprawd\u017a, ile zap\u0142acisz za dmuchan\u0105 reklam\u0119 \u2013 szybka i bezp\u0142atna wycena online!\" \/>\n<meta property=\"og:url\" content=\"https:\/\/windbal.pl\/fr\/wycena-duze-balony\/\" \/>\n<meta property=\"og:site_name\" content=\"Balony reklamowe z logo, dmuchane reklamy, firmowe, baloniki reklamowe z w\u0142asnym nadrukiem - Producent balon\u00f3w Windbal.pl\" \/>\n<meta property=\"article:modified_time\" content=\"2025-07-15T08:14:25+00:00\" \/>\n<meta name=\"twitter:card\" content=\"summary_large_image\" \/>\n<script type=\"application\/ld+json\" class=\"yoast-schema-graph\">{\"@context\":\"https:\/\/schema.org\",\"@graph\":[{\"@type\":\"WebSite\",\"@id\":\"https:\/\/windbal.pl\/#website\",\"url\":\"https:\/\/windbal.pl\/\",\"name\":\"Balony reklamowe z logo, dmuchane reklamy, firmowe, baloniki reklamowe z w\u0142asnym nadrukiem - Producent balon\u00f3w Windbal.pl\",\"description\":\"Your Kitchen Interior Design Website\",\"potentialAction\":[{\"@type\":\"SearchAction\",\"target\":{\"@type\":\"EntryPoint\",\"urlTemplate\":\"https:\/\/windbal.pl\/?s={search_term_string}\"},\"query-input\":\"required name=search_term_string\"}],\"inLanguage\":\"fr-FR\"},{\"@type\":\"WebPage\",\"@id\":\"https:\/\/windbal.pl\/wycena-duze-balony\/#webpage\",\"url\":\"https:\/\/windbal.pl\/wycena-duze-balony\/\",\"name\":\"Wycena reklamy pneumatycznej\",\"isPartOf\":{\"@id\":\"https:\/\/windbal.pl\/#website\"},\"datePublished\":\"2024-05-06T12:16:52+00:00\",\"dateModified\":\"2025-07-15T08:14:25+00:00\",\"description\":\"Poznaj koszt reklamy, kt\u00f3ra przyci\u0105ga wzrok! Sprawd\u017a, ile zap\u0142acisz za dmuchan\u0105 reklam\u0119 \u2013 szybka i bezp\u0142atna wycena online!\",\"breadcrumb\":{\"@id\":\"https:\/\/windbal.pl\/wycena-duze-balony\/#breadcrumb\"},\"inLanguage\":\"fr-FR\",\"potentialAction\":[{\"@type\":\"ReadAction\",\"target\":[\"https:\/\/windbal.pl\/wycena-duze-balony\/\"]}]},{\"@type\":\"BreadcrumbList\",\"@id\":\"https:\/\/windbal.pl\/wycena-duze-balony\/#breadcrumb\",\"itemListElement\":[{\"@type\":\"ListItem\",\"position\":1,\"name\":\"Strona g\u0142\u00f3wna\",\"item\":\"https:\/\/windbal.pl\/\"},{\"@type\":\"ListItem\",\"position\":2,\"name\":\"Reklama pneumatyczna &#8211; wycena\"}]}]}<\/script>\n<!-- \/ Yoast SEO plugin. -->","yoast_head_json":{"title":"Wycena reklamy pneumatycznej","description":"Poznaj koszt reklamy, kt\u00f3ra przyci\u0105ga wzrok! Sprawd\u017a, ile zap\u0142acisz za dmuchan\u0105 reklam\u0119 \u2013 szybka i bezp\u0142atna wycena online!","robots":{"index":"index","follow":"follow","max-snippet":"max-snippet:-1","max-image-preview":"max-image-preview:large","max-video-preview":"max-video-preview:-1"},"canonical":"https:\/\/windbal.pl\/fr\/wycena-duze-balony\/","og_locale":"fr_FR","og_type":"article","og_title":"Wycena reklamy pneumatycznej","og_description":"Poznaj koszt reklamy, kt\u00f3ra przyci\u0105ga wzrok! Sprawd\u017a, ile zap\u0142acisz za dmuchan\u0105 reklam\u0119 \u2013 szybka i bezp\u0142atna wycena online!","og_url":"https:\/\/windbal.pl\/fr\/wycena-duze-balony\/","og_site_name":"Balony reklamowe z logo, dmuchane reklamy, firmowe, baloniki reklamowe z w\u0142asnym nadrukiem - Producent balon\u00f3w Windbal.pl","article_modified_time":"2025-07-15T08:14:25+00:00","twitter_card":"summary_large_image","schema":{"@context":"https:\/\/schema.org","@graph":[{"@type":"WebSite","@id":"https:\/\/windbal.pl\/#website","url":"https:\/\/windbal.pl\/","name":"Balony reklamowe z logo, dmuchane reklamy, firmowe, baloniki reklamowe z w\u0142asnym nadrukiem - Producent balon\u00f3w Windbal.pl","description":"Your Kitchen Interior Design Website","potentialAction":[{"@type":"SearchAction","target":{"@type":"EntryPoint","urlTemplate":"https:\/\/windbal.pl\/?s={search_term_string}"},"query-input":"required name=search_term_string"}],"inLanguage":"fr-FR"},{"@type":"WebPage","@id":"https:\/\/windbal.pl\/wycena-duze-balony\/#webpage","url":"https:\/\/windbal.pl\/wycena-duze-balony\/","name":"Wycena reklamy pneumatycznej","isPartOf":{"@id":"https:\/\/windbal.pl\/#website"},"datePublished":"2024-05-06T12:16:52+00:00","dateModified":"2025-07-15T08:14:25+00:00","description":"Poznaj koszt reklamy, kt\u00f3ra przyci\u0105ga wzrok! Sprawd\u017a, ile zap\u0142acisz za dmuchan\u0105 reklam\u0119 \u2013 szybka i bezp\u0142atna wycena online!","breadcrumb":{"@id":"https:\/\/windbal.pl\/wycena-duze-balony\/#breadcrumb"},"inLanguage":"fr-FR","potentialAction":[{"@type":"ReadAction","target":["https:\/\/windbal.pl\/wycena-duze-balony\/"]}]},{"@type":"BreadcrumbList","@id":"https:\/\/windbal.pl\/wycena-duze-balony\/#breadcrumb","itemListElement":[{"@type":"ListItem","position":1,"name":"Strona g\u0142\u00f3wna","item":"https:\/\/windbal.pl\/"},{"@type":"ListItem","position":2,"name":"Reklama pneumatyczna &#8211; wycena"}]}]}},"_links":{"self":[{"href":"https:\/\/windbal.pl\/fr\/wp-json\/wp\/v2\/pages\/16980"}],"collection":[{"href":"https:\/\/windbal.pl\/fr\/wp-json\/wp\/v2\/pages"}],"about":[{"href":"https:\/\/windbal.pl\/fr\/wp-json\/wp\/v2\/types\/page"}],"author":[{"embeddable":true,"href":"https:\/\/windbal.pl\/fr\/wp-json\/wp\/v2\/users\/1"}],"replies":[{"embeddable":true,"href":"https:\/\/windbal.pl\/fr\/wp-json\/wp\/v2\/comments?post=16980"}],"version-history":[{"count":20,"href":"https:\/\/windbal.pl\/fr\/wp-json\/wp\/v2\/pages\/16980\/revisions"}],"predecessor-version":[{"id":17714,"href":"https:\/\/windbal.pl\/fr\/wp-json\/wp\/v2\/pages\/16980\/revisions\/17714"}],"wp:attachment":[{"href":"https:\/\/windbal.pl\/fr\/wp-json\/wp\/v2\/media?parent=16980"}],"curies":[{"name":"wp","href":"https:\/\/api.w.org\/{rel}","templated":true}]}}