{"id":17854,"date":"2025-07-17T09:53:04","date_gmt":"2025-07-17T09:53:04","guid":{"rendered":"https:\/\/windbal.pl\/?page_id=17854"},"modified":"2025-07-17T09:56:09","modified_gmt":"2025-07-17T09:56:09","slug":"polityka-prywatnosci","status":"publish","type":"page","link":"https:\/\/windbal.pl\/fr\/polityka-prywatnosci\/","title":{"rendered":"Polityka prywatno\u015bci"},"content":{"rendered":"<div data-elementor-type=\"wp-page\" data-elementor-id=\"17854\" class=\"elementor elementor-17854\" data-elementor-post-type=\"page\">\n\t\t\t\t\t\t\t\t\t<div class=\"elementor-section elementor-top-section elementor-element elementor-element-7a14edcb elementor-section-stretched elementor-section-boxed elementor-section-height-default elementor-section-height-default\" data-id=\"7a14edcb\" data-element_type=\"section\" data-settings=\"{&quot;stretch_section&quot;:&quot;section-stretched&quot;}\">\n\t\t\t\t\t\t<div class=\"elementor-container elementor-column-gap-no\">\n\t\t\t\t\t<div class=\"elementor-column elementor-col-100 elementor-top-column elementor-element elementor-element-754c36d3\" data-id=\"754c36d3\" data-element_type=\"column\">\n\t\t\t<div class=\"elementor-widget-wrap elementor-element-populated\">\n\t\t\t\t\t\t\t\t<div class=\"elementor-element elementor-element-52ba210 elementor-widget elementor-widget-heading\" data-id=\"52ba210\" data-element_type=\"widget\" data-widget_type=\"heading.default\">\n\t\t\t\t<div class=\"elementor-widget-container\">\n\t\t\t<style>\/*! elementor - v3.16.0 - 12-09-2023 *\/\n.elementor-heading-title{padding:0;margin:0;line-height:1}.elementor-widget-heading .elementor-heading-title[class*=elementor-size-]>a{color:inherit;font-size:inherit;line-height:inherit}.elementor-widget-heading .elementor-heading-title.elementor-size-small{font-size:15px}.elementor-widget-heading .elementor-heading-title.elementor-size-medium{font-size:19px}.elementor-widget-heading .elementor-heading-title.elementor-size-large{font-size:29px}.elementor-widget-heading .elementor-heading-title.elementor-size-xl{font-size:39px}.elementor-widget-heading .elementor-heading-title.elementor-size-xxl{font-size:59px}<\/style><h3 class=\"elementor-heading-title elementor-size-default\">Polityka prywatno\u015bci<\/h3>\t\t<\/div>\n\t\t\t\t<\/div>\n\t\t\t\t\t<\/div>\n\t\t<\/div>\n\t\t\t\t\t\t\t<\/div>\n\t\t<\/div>\n\t\t\t\t<div class=\"elementor-section elementor-top-section elementor-element elementor-element-967733d elementor-section-stretched elementor-section-boxed elementor-section-height-default elementor-section-height-default\" data-id=\"967733d\" data-element_type=\"section\" data-settings=\"{&quot;stretch_section&quot;:&quot;section-stretched&quot;}\">\n\t\t\t\t\t\t<div class=\"elementor-container elementor-column-gap-no\">\n\t\t\t\t\t<div class=\"elementor-column elementor-col-100 elementor-top-column elementor-element elementor-element-a73d7aa\" data-id=\"a73d7aa\" data-element_type=\"column\">\n\t\t\t<div class=\"elementor-widget-wrap elementor-element-populated\">\n\t\t\t\t\t\t<div class=\"elementor-element elementor-element-90e922f e-flex e-con-boxed e-con e-parent\" data-id=\"90e922f\" data-element_type=\"container\" data-settings=\"{&quot;content_width&quot;:&quot;boxed&quot;}\" data-core-v316-plus=\"true\">\n\t\t\t\t\t<div class=\"e-con-inner\">\n\t\t\t\t<div class=\"elementor-element elementor-element-61370d0 elementor-widget elementor-widget-text-editor\" data-id=\"61370d0\" data-element_type=\"widget\" data-widget_type=\"text-editor.default\">\n\t\t\t\t<div class=\"elementor-widget-container\">\n\t\t\t<style>\/*! elementor - v3.16.0 - 12-09-2023 *\/\n.elementor-widget-text-editor.elementor-drop-cap-view-stacked .elementor-drop-cap{background-color:#69727d;color:#fff}.elementor-widget-text-editor.elementor-drop-cap-view-framed .elementor-drop-cap{color:#69727d;border:3px solid;background-color:transparent}.elementor-widget-text-editor:not(.elementor-drop-cap-view-default) .elementor-drop-cap{margin-top:8px}.elementor-widget-text-editor:not(.elementor-drop-cap-view-default) .elementor-drop-cap-letter{width:1em;height:1em}.elementor-widget-text-editor .elementor-drop-cap{float:left;text-align:center;line-height:1;font-size:50px}.elementor-widget-text-editor .elementor-drop-cap-letter{display:inline-block}<\/style>\t\t\t\t<p><strong>1.Administrator danych<\/strong><\/p><p>Windbal Fabryka Reklamy Joanna Sad\u0142owska<br \/>Administratorem danych osobowych jest firma Windbal Fabryka Reklamy Joanna Sad\u0142owska\u00a0 kt\u00f3ra mie\u015bci si\u0119 pod adresem ul. Dmowskiego 17\/1, Tychy 43-100 NIP: 6462541638<br \/>e-mail: <a href=\"mailto:windbal@windbal.pl\">windbal@windbal.pl<\/a> telefon 793 834 035<\/p><p><strong>2. Jakie dane zbieramy<\/strong><\/p><p>Cookies: IP, identyfikator sesji, dane analityczne.<\/p><p>Formularz kontaktowy i newsletter: imi\u0119 (je\u015bli podajesz), e-mail, tre\u015b\u0107 wiadomo\u015bci (kontakt, realizacja zam\u00f3wienia).<\/p><p>Analytics: agregowane informacje o korzystaniu ze strony z anonimizacj\u0105 IP.<\/p><p><strong>3. Cele i podstawy prawne<\/strong><\/p><p>Obs\u0142uga zapyta\u0144\/kontakt \u2013 umowa o \u015bwiadczenie us\u0142ug, art. 6(1)(b) RODO.<\/p><p>Marketing i newsletter \u2013 zgoda u\u017cytkownika, art. 6(1)(a) RODO.<\/p><p>Analityka ruchu \u2013 uzasadniony interes administratora lub zgoda (w zale\u017cno\u015bci od implementacji), art. 6(1)(f) lub (a).<\/p><p><strong>4. Udost\u0119pnianie danych podmiotom zewn\u0119trznym<\/strong><\/p><p>Google (Analytics) \u2013 w oparciu o umow\u0119 powierzenia danych.<\/p><p>Us\u0142ugodawca hostingu OVH Sp. z o.o. \u2013 umowa powierzenia.<br \/>Firma kurierska Inpost Sp. z o.o. &#8211; umowa powierzenia<\/p><p><strong>5. Okresy przechowywania danych:<\/strong><\/p><p>Zgody i newsletter: do momentu wycofania<br \/>Google Analytics: ok. 14 miesi\u0119cy (konfigurowalne).<\/p><p>Dane z formularzy: do momentu rozwi\u0105zania sprawy (np. zapytanie ofertowe).<\/p><p><strong>6. Prawa u\u017cytkownik\u00f3w:<\/strong><\/p><ul><li>Prawo dost\u0119pu, poprawienia, ograniczenia przetwarzania, przenoszenia danych.<\/li><li>Prawo do usuni\u0119cia (tzw. \u201eprawo do bycia zapomnianym\u201d).<\/li><li>Prawo do wniesienia sprzeciwu w przypadku przetwarzania w oparciu o uzasadniony interes.<\/li><\/ul><p>Prawo wycofania zgody bez utraty zgodno\u015bci z prawem wcze\u015bniejszych dzia\u0142a\u0144.<\/p><p>Prawo wniesienia skargi do Prezesa UODO.<\/p><p><strong>7. Kontakt w sprawie danych<\/strong><\/p><p>email: <a href=\"mailto:windbal@windbal.pl\">windbal@windbal.pl<\/a><br \/>tel. 793 834 035<\/p><p><strong>8. Zmiany w polityce prywatno\u015bci<\/strong><\/p><p>Wszelkie istotne zmiany b\u0119d\u0105 komunikowane na stronie.<\/p>\t\t\t\t\t\t<\/div>\n\t\t\t\t<\/div>\n\t\t\t\t\t<\/div>\n\t\t\t\t<\/div>\n\t\t\t\t\t<\/div>\n\t\t<\/div>\n\t\t\t\t\t\t\t<\/div>\n\t\t<\/div>\n\t\t\t\t\t\t\t<\/div>","protected":false},"excerpt":{"rendered":"<p>Polityka prywatno\u015bci 1.Administrator danych Windbal Fabryka Reklamy Joanna Sad\u0142owskaAdministratorem danych osobowych jest firma Windbal Fabryka Reklamy Joanna Sad\u0142owska\u00a0 kt\u00f3ra mie\u015bci si\u0119 pod adresem ul. Dmowskiego 17\/1, Tychy 43-100 NIP: 6462541638e-mail: windbal@windbal.pl telefon 793 834 035 2. Jakie dane zbieramy Cookies: IP, identyfikator sesji, dane analityczne. Formularz kontaktowy i newsletter: imi\u0119 (je\u015bli podajesz), e-mail, tre\u015b\u0107 wiadomo\u015bci [&hellip;]<\/p>","protected":false},"author":2,"featured_media":0,"parent":0,"menu_order":0,"comment_status":"closed","ping_status":"closed","template":"","meta":{"inline_featured_image":false,"footnotes":""},"yoast_head":"<!-- This site is optimized with the Yoast SEO plugin v18.0 - https:\/\/yoast.com\/wordpress\/plugins\/seo\/ -->\n<title>Polityka prywatno\u015bci<\/title>\n<meta name=\"robots\" content=\"index, follow, max-snippet:-1, max-image-preview:large, max-video-preview:-1\" \/>\n<link rel=\"canonical\" href=\"https:\/\/windbal.pl\/fr\/polityka-prywatnosci\/\" \/>\n<meta property=\"og:locale\" content=\"fr_FR\" \/>\n<meta property=\"og:type\" content=\"article\" \/>\n<meta property=\"og:title\" content=\"Polityka prywatno\u015bci\" \/>\n<meta property=\"og:description\" content=\"Polityka prywatno\u015bci 1.Administrator danych Windbal Fabryka Reklamy Joanna Sad\u0142owskaAdministratorem danych osobowych jest firma Windbal Fabryka Reklamy Joanna Sad\u0142owska\u00a0 kt\u00f3ra mie\u015bci si\u0119 pod adresem ul. Dmowskiego 17\/1, Tychy 43-100 NIP: 6462541638e-mail: windbal@windbal.pl telefon 793 834 035 2. Jakie dane zbieramy Cookies: IP, identyfikator sesji, dane analityczne. Formularz kontaktowy i newsletter: imi\u0119 (je\u015bli podajesz), e-mail, tre\u015b\u0107 wiadomo\u015bci [&hellip;]\" \/>\n<meta property=\"og:url\" content=\"https:\/\/windbal.pl\/fr\/polityka-prywatnosci\/\" \/>\n<meta property=\"og:site_name\" content=\"Balony reklamowe z logo, dmuchane reklamy, firmowe, baloniki reklamowe z w\u0142asnym nadrukiem - Producent balon\u00f3w Windbal.pl\" \/>\n<meta property=\"article:modified_time\" content=\"2025-07-17T09:56:09+00:00\" \/>\n<meta name=\"twitter:card\" content=\"summary_large_image\" \/>\n<meta name=\"twitter:label1\" content=\"Dur\u00e9e de lecture estim\u00e9e\" \/>\n\t<meta name=\"twitter:data1\" content=\"1 minute\" \/>\n<script type=\"application\/ld+json\" class=\"yoast-schema-graph\">{\"@context\":\"https:\/\/schema.org\",\"@graph\":[{\"@type\":\"WebSite\",\"@id\":\"https:\/\/windbal.pl\/#website\",\"url\":\"https:\/\/windbal.pl\/\",\"name\":\"Balony reklamowe z logo, dmuchane reklamy, firmowe, baloniki reklamowe z w\u0142asnym nadrukiem - Producent balon\u00f3w Windbal.pl\",\"description\":\"Your Kitchen Interior Design Website\",\"potentialAction\":[{\"@type\":\"SearchAction\",\"target\":{\"@type\":\"EntryPoint\",\"urlTemplate\":\"https:\/\/windbal.pl\/?s={search_term_string}\"},\"query-input\":\"required name=search_term_string\"}],\"inLanguage\":\"fr-FR\"},{\"@type\":\"WebPage\",\"@id\":\"https:\/\/windbal.pl\/polityka-prywatnosci\/#webpage\",\"url\":\"https:\/\/windbal.pl\/polityka-prywatnosci\/\",\"name\":\"Polityka prywatno\u015bci\",\"isPartOf\":{\"@id\":\"https:\/\/windbal.pl\/#website\"},\"datePublished\":\"2025-07-17T09:53:04+00:00\",\"dateModified\":\"2025-07-17T09:56:09+00:00\",\"breadcrumb\":{\"@id\":\"https:\/\/windbal.pl\/polityka-prywatnosci\/#breadcrumb\"},\"inLanguage\":\"fr-FR\",\"potentialAction\":[{\"@type\":\"ReadAction\",\"target\":[\"https:\/\/windbal.pl\/polityka-prywatnosci\/\"]}]},{\"@type\":\"BreadcrumbList\",\"@id\":\"https:\/\/windbal.pl\/polityka-prywatnosci\/#breadcrumb\",\"itemListElement\":[{\"@type\":\"ListItem\",\"position\":1,\"name\":\"Strona g\u0142\u00f3wna\",\"item\":\"https:\/\/windbal.pl\/\"},{\"@type\":\"ListItem\",\"position\":2,\"name\":\"Polityka prywatno\u015bci\"}]}]}<\/script>\n<!-- \/ Yoast SEO plugin. -->","yoast_head_json":{"title":"Polityka prywatno\u015bci","robots":{"index":"index","follow":"follow","max-snippet":"max-snippet:-1","max-image-preview":"max-image-preview:large","max-video-preview":"max-video-preview:-1"},"canonical":"https:\/\/windbal.pl\/fr\/polityka-prywatnosci\/","og_locale":"fr_FR","og_type":"article","og_title":"Polityka prywatno\u015bci","og_description":"Polityka prywatno\u015bci 1.Administrator danych Windbal Fabryka Reklamy Joanna Sad\u0142owskaAdministratorem danych osobowych jest firma Windbal Fabryka Reklamy Joanna Sad\u0142owska\u00a0 kt\u00f3ra mie\u015bci si\u0119 pod adresem ul. Dmowskiego 17\/1, Tychy 43-100 NIP: 6462541638e-mail: windbal@windbal.pl telefon 793 834 035 2. Jakie dane zbieramy Cookies: IP, identyfikator sesji, dane analityczne. Formularz kontaktowy i newsletter: imi\u0119 (je\u015bli podajesz), e-mail, tre\u015b\u0107 wiadomo\u015bci [&hellip;]","og_url":"https:\/\/windbal.pl\/fr\/polityka-prywatnosci\/","og_site_name":"Balony reklamowe z logo, dmuchane reklamy, firmowe, baloniki reklamowe z w\u0142asnym nadrukiem - Producent balon\u00f3w Windbal.pl","article_modified_time":"2025-07-17T09:56:09+00:00","twitter_card":"summary_large_image","twitter_misc":{"Dur\u00e9e de lecture estim\u00e9e":"1 minute"},"schema":{"@context":"https:\/\/schema.org","@graph":[{"@type":"WebSite","@id":"https:\/\/windbal.pl\/#website","url":"https:\/\/windbal.pl\/","name":"Balony reklamowe z logo, dmuchane reklamy, firmowe, baloniki reklamowe z w\u0142asnym nadrukiem - Producent balon\u00f3w Windbal.pl","description":"Your Kitchen Interior Design Website","potentialAction":[{"@type":"SearchAction","target":{"@type":"EntryPoint","urlTemplate":"https:\/\/windbal.pl\/?s={search_term_string}"},"query-input":"required name=search_term_string"}],"inLanguage":"fr-FR"},{"@type":"WebPage","@id":"https:\/\/windbal.pl\/polityka-prywatnosci\/#webpage","url":"https:\/\/windbal.pl\/polityka-prywatnosci\/","name":"Polityka prywatno\u015bci","isPartOf":{"@id":"https:\/\/windbal.pl\/#website"},"datePublished":"2025-07-17T09:53:04+00:00","dateModified":"2025-07-17T09:56:09+00:00","breadcrumb":{"@id":"https:\/\/windbal.pl\/polityka-prywatnosci\/#breadcrumb"},"inLanguage":"fr-FR","potentialAction":[{"@type":"ReadAction","target":["https:\/\/windbal.pl\/polityka-prywatnosci\/"]}]},{"@type":"BreadcrumbList","@id":"https:\/\/windbal.pl\/polityka-prywatnosci\/#breadcrumb","itemListElement":[{"@type":"ListItem","position":1,"name":"Strona g\u0142\u00f3wna","item":"https:\/\/windbal.pl\/"},{"@type":"ListItem","position":2,"name":"Polityka prywatno\u015bci"}]}]}},"_links":{"self":[{"href":"https:\/\/windbal.pl\/fr\/wp-json\/wp\/v2\/pages\/17854"}],"collection":[{"href":"https:\/\/windbal.pl\/fr\/wp-json\/wp\/v2\/pages"}],"about":[{"href":"https:\/\/windbal.pl\/fr\/wp-json\/wp\/v2\/types\/page"}],"author":[{"embeddable":true,"href":"https:\/\/windbal.pl\/fr\/wp-json\/wp\/v2\/users\/2"}],"replies":[{"embeddable":true,"href":"https:\/\/windbal.pl\/fr\/wp-json\/wp\/v2\/comments?post=17854"}],"version-history":[{"count":4,"href":"https:\/\/windbal.pl\/fr\/wp-json\/wp\/v2\/pages\/17854\/revisions"}],"predecessor-version":[{"id":17858,"href":"https:\/\/windbal.pl\/fr\/wp-json\/wp\/v2\/pages\/17854\/revisions\/17858"}],"wp:attachment":[{"href":"https:\/\/windbal.pl\/fr\/wp-json\/wp\/v2\/media?parent=17854"}],"curies":[{"name":"wp","href":"https:\/\/api.w.org\/{rel}","templated":true}]}}